{"id":260,"date":"2011-08-16T19:21:03","date_gmt":"2011-08-16T17:21:03","guid":{"rendered":"http:\/\/llz.schiess-blog.de\/?page_id=260"},"modified":"2018-02-05T17:06:03","modified_gmt":"2018-02-05T15:06:03","slug":"tipps-pistole","status":"publish","type":"page","link":"https:\/\/llzbw.de\/?page_id=260","title":{"rendered":"Tipps Pistole"},"content":{"rendered":"<p><strong>Letzte Aktualisierung am 05.02.2018 (Downloads wiederhergestellt)<\/strong><\/p>\n<p style=\"text-align: center;\">Du m\u00f6chtest in die Fu\u00dfstapfen unserer Olympioniken treten, in der Nationalmannschaft f\u00fcr Deutschland Medaillen sammeln bei Europa-, Weltmeisterschaften und Olympischen Spielen? In der Musterkarriere kannst du das Leistungsniveau sehen, das auf dem Weg dahin notwendig ist und nat\u00fcrlich Tipps f\u00fcrs Training.<\/p>\n<p style=\"text-align: left;\"><a  data-e-Disable-Page-Transition=\"true\" class=\"download-link\" title=\"Version 1.0\" href=\"https:\/\/llzbw.de?download=4475&amp;tmstv=1777975234\" rel=\"nofollow\" id=\"download-link-4475\" data-redirect=\"false\" >\n\tMusterkarriere\t(9177 Downloads\t)\n<\/a>\n<\/p>\n<p style=\"text-align: left;\">Luftpistole <ul class=\"dlm-downloads\"><li><a  data-e-Disable-Page-Transition=\"true\" class=\"download-link\" title=\"Version 1.0\" href=\"https:\/\/llzbw.de?download=4453&amp;tmstv=1777975234\" rel=\"nofollow\" id=\"download-link-4453\" data-redirect=\"false\" >\n\tAnschlag Pr\u00e4zisionsschuss\t(37487 Downloads\t)\n<\/a>\n<\/li><li><a  data-e-Disable-Page-Transition=\"true\" class=\"download-link\" title=\"Version 1.0\" href=\"https:\/\/llzbw.de?download=4455&amp;tmstv=1777975234\" rel=\"nofollow\" id=\"download-link-4455\" data-redirect=\"false\" >\n\tAnschlagsfindung\t(33297 Downloads\t)\n<\/a>\n<\/li><li><a  data-e-Disable-Page-Transition=\"true\" class=\"download-link\" title=\"Version 1.0\" href=\"https:\/\/llzbw.de?download=4457&amp;tmstv=1777975234\" rel=\"nofollow\" id=\"download-link-4457\" data-redirect=\"false\" >\n\tAtmung Pr\u00e4zision\t(23449 Downloads\t)\n<\/a>\n<\/li><li><a  data-e-Disable-Page-Transition=\"true\" class=\"download-link\" title=\"Version 1.0\" href=\"https:\/\/llzbw.de?download=4459&amp;tmstv=1777975234\" rel=\"nofollow\" id=\"download-link-4459\" data-redirect=\"false\" >\n\tBewegung und Koordination\t(19062 Downloads\t)\n<\/a>\n<\/li><li><a  data-e-Disable-Page-Transition=\"true\" class=\"download-link\" title=\"Version 1.0\" href=\"https:\/\/llzbw.de?download=4461&amp;tmstv=1777975234\" rel=\"nofollow\" id=\"download-link-4461\" data-redirect=\"false\" >\n\tDruckverlauf\t(15187 Downloads\t)\n<\/a>\n<\/li><li><a  data-e-Disable-Page-Transition=\"true\" class=\"download-link\" title=\"Version 1.0\" href=\"https:\/\/llzbw.de?download=4465&amp;tmstv=1777975234\" rel=\"nofollow\" id=\"download-link-4465\" data-redirect=\"false\" >\n\tDruckverlauf Pr\u00e4zi\t(17929 Downloads\t)\n<\/a>\n<\/li><li><a  data-e-Disable-Page-Transition=\"true\" class=\"download-link\" title=\"Version 1.0\" href=\"https:\/\/llzbw.de?download=4471&amp;tmstv=1777975234\" rel=\"nofollow\" id=\"download-link-4471\" data-redirect=\"false\" >\n\tHandlungs Zeit Tabelle Pr\u00e4zisionsschuss\t(21825 Downloads\t)\n<\/a>\n<\/li><\/ul>\n\t\t\t\t<\/p>\n<p style=\"text-align: left;\">Luftpistole Auflage <ul class=\"dlm-downloads\"><li><a  data-e-Disable-Page-Transition=\"true\" class=\"download-link\" title=\"Version 1.0\" href=\"https:\/\/llzbw.de?download=4455&amp;tmstv=1777975234\" rel=\"nofollow\" id=\"download-link-4455\" data-redirect=\"false\" >\n\tAnschlagsfindung\t(33297 Downloads\t)\n<\/a>\n<\/li><li><a  data-e-Disable-Page-Transition=\"true\" class=\"download-link\" title=\"Version 1.0\" href=\"https:\/\/llzbw.de?download=4469&amp;tmstv=1777975234\" rel=\"nofollow\" id=\"download-link-4469\" data-redirect=\"false\" >\n\tHandlungs Zeit Tabelle Auflage\t(11149 Downloads\t)\n<\/a>\n<\/li><\/ul>\n\t\t\t\t<\/p>\n<p style=\"text-align: left;\">Freie Pistole <ul class=\"dlm-downloads\"><li><a  data-e-Disable-Page-Transition=\"true\" class=\"download-link\" title=\"Version 1.0\" href=\"https:\/\/llzbw.de?download=4453&amp;tmstv=1777975234\" rel=\"nofollow\" id=\"download-link-4453\" data-redirect=\"false\" >\n\tAnschlag Pr\u00e4zisionsschuss\t(37487 Downloads\t)\n<\/a>\n<\/li><li><a  data-e-Disable-Page-Transition=\"true\" class=\"download-link\" title=\"Version 1.0\" href=\"https:\/\/llzbw.de?download=4455&amp;tmstv=1777975234\" rel=\"nofollow\" id=\"download-link-4455\" data-redirect=\"false\" >\n\tAnschlagsfindung\t(33297 Downloads\t)\n<\/a>\n<\/li><li><a  data-e-Disable-Page-Transition=\"true\" class=\"download-link\" title=\"Version 1.0\" href=\"https:\/\/llzbw.de?download=4457&amp;tmstv=1777975234\" rel=\"nofollow\" id=\"download-link-4457\" data-redirect=\"false\" >\n\tAtmung Pr\u00e4zision\t(23449 Downloads\t)\n<\/a>\n<\/li><li><a  data-e-Disable-Page-Transition=\"true\" class=\"download-link\" title=\"Version 1.0\" href=\"https:\/\/llzbw.de?download=4459&amp;tmstv=1777975234\" rel=\"nofollow\" id=\"download-link-4459\" data-redirect=\"false\" >\n\tBewegung und Koordination\t(19062 Downloads\t)\n<\/a>\n<\/li><li><a  data-e-Disable-Page-Transition=\"true\" class=\"download-link\" title=\"Version 1.0\" href=\"https:\/\/llzbw.de?download=4463&amp;tmstv=1777975234\" rel=\"nofollow\" id=\"download-link-4463\" data-redirect=\"false\" >\n\tDruckverlauf FP\t(8501 Downloads\t)\n<\/a>\n<\/li><li><a  data-e-Disable-Page-Transition=\"true\" class=\"download-link\" title=\"Version 1.0\" href=\"https:\/\/llzbw.de?download=4471&amp;tmstv=1777975234\" rel=\"nofollow\" id=\"download-link-4471\" data-redirect=\"false\" >\n\tHandlungs Zeit Tabelle Pr\u00e4zisionsschuss\t(21825 Downloads\t)\n<\/a>\n<\/li><\/ul>\n\t\t\t\t<\/p>\n<p style=\"text-align: left;\">Sportpistole Pr\u00e4zision <ul class=\"dlm-downloads\"><li><a  data-e-Disable-Page-Transition=\"true\" class=\"download-link\" title=\"Version 1.0\" href=\"https:\/\/llzbw.de?download=4453&amp;tmstv=1777975234\" rel=\"nofollow\" id=\"download-link-4453\" data-redirect=\"false\" >\n\tAnschlag Pr\u00e4zisionsschuss\t(37487 Downloads\t)\n<\/a>\n<\/li><li><a  data-e-Disable-Page-Transition=\"true\" class=\"download-link\" title=\"Version 1.0\" href=\"https:\/\/llzbw.de?download=4455&amp;tmstv=1777975234\" rel=\"nofollow\" id=\"download-link-4455\" data-redirect=\"false\" >\n\tAnschlagsfindung\t(33297 Downloads\t)\n<\/a>\n<\/li><li><a  data-e-Disable-Page-Transition=\"true\" class=\"download-link\" title=\"Version 1.0\" href=\"https:\/\/llzbw.de?download=4457&amp;tmstv=1777975234\" rel=\"nofollow\" id=\"download-link-4457\" data-redirect=\"false\" >\n\tAtmung Pr\u00e4zision\t(23449 Downloads\t)\n<\/a>\n<\/li><li><a  data-e-Disable-Page-Transition=\"true\" class=\"download-link\" title=\"Version 1.0\" href=\"https:\/\/llzbw.de?download=4465&amp;tmstv=1777975234\" rel=\"nofollow\" id=\"download-link-4465\" data-redirect=\"false\" >\n\tDruckverlauf Pr\u00e4zi\t(17929 Downloads\t)\n<\/a>\n<\/li><li><a  data-e-Disable-Page-Transition=\"true\" class=\"download-link\" title=\"Version 1.0\" href=\"https:\/\/llzbw.de?download=4471&amp;tmstv=1777975234\" rel=\"nofollow\" id=\"download-link-4471\" data-redirect=\"false\" >\n\tHandlungs Zeit Tabelle Pr\u00e4zisionsschuss\t(21825 Downloads\t)\n<\/a>\n<\/li><\/ul>\n\t\t\t\t<\/p>\n<p style=\"text-align: left;\">Sportpistole Duell <ul class=\"dlm-downloads\"><li><a  data-e-Disable-Page-Transition=\"true\" class=\"download-link\" title=\"Version v1.0\" href=\"https:\/\/llzbw.de?download=4501&amp;tmstv=1777975234\" rel=\"nofollow\" id=\"download-link-4501\" data-redirect=\"false\" >\n\tDuellschuss Handlungs-Zeit-Schema\t(13779 Downloads\t)\n<\/a>\n<\/li><li><a  data-e-Disable-Page-Transition=\"true\" class=\"download-link\" title=\"Version v1.0\" href=\"https:\/\/llzbw.de?download=4503&amp;tmstv=1777975234\" rel=\"nofollow\" id=\"download-link-4503\" data-redirect=\"false\" >\n\tDuellschuss Handlungs-Zeit-Schema2\t(10460 Downloads\t)\n<\/a>\n<\/li><li><a  data-e-Disable-Page-Transition=\"true\" class=\"download-link\" title=\"Version 1.0\" href=\"https:\/\/llzbw.de?download=4507&amp;tmstv=1777975234\" rel=\"nofollow\" id=\"download-link-4507\" data-redirect=\"false\" >\n\tHandlungs Zeit Schema Duell\t(10551 Downloads\t)\n<\/a>\n<\/li><\/ul>\n\t\t\t\t<\/p>\n<p style=\"text-align: left;\">Schnellfeuerpistole <ul class=\"dlm-downloads\"><li><a  data-e-Disable-Page-Transition=\"true\" class=\"download-link\" title=\"Version 1.0\" href=\"https:\/\/llzbw.de?download=4491&amp;tmstv=1777975234\" rel=\"nofollow\" id=\"download-link-4491\" data-redirect=\"false\" >\n\tHandlungs Zeit Tabelle Schnellfeuerpistole\t(8745 Downloads\t)\n<\/a>\n<\/li><\/ul>\n\t\t\t\t<\/p>\n<p style=\"text-align: left;\">Trainingshilfen Technik <ul class=\"dlm-downloads\"><li><a  data-e-Disable-Page-Transition=\"true\" class=\"download-link\" title=\"Version 1.1\" href=\"https:\/\/llzbw.de?download=4451&amp;tmstv=1777975234\" rel=\"nofollow\" id=\"download-link-4451\" data-redirect=\"false\" >\n\tAbkommensanalyse\t(13550 Downloads\t)\n<\/a>\n<\/li><li><a  data-e-Disable-Page-Transition=\"true\" class=\"download-link\" title=\"Version 1.0\" href=\"https:\/\/llzbw.de?download=4467&amp;tmstv=1777975234\" rel=\"nofollow\" id=\"download-link-4467\" data-redirect=\"false\" >\n\tHaltetrainingsplan\t(18565 Downloads\t)\n<\/a>\n<\/li><li><a  data-e-Disable-Page-Transition=\"true\" class=\"download-link\" title=\"Version 1.0\" href=\"https:\/\/llzbw.de?download=4473&amp;tmstv=1777975234\" rel=\"nofollow\" id=\"download-link-4473\" data-redirect=\"false\" >\n\tKoordination\t(13644 Downloads\t)\n<\/a>\n<\/li><\/ul>\n\t\t\t\t<\/p>\n<p style=\"text-align: left;\">Trainingshilfen Taktik \/ Wettkampftraining <ul class=\"dlm-downloads\"><li><a  data-e-Disable-Page-Transition=\"true\" class=\"download-link\" title=\"Version 1.0\" href=\"https:\/\/llzbw.de?download=4477&amp;tmstv=1777975234\" rel=\"nofollow\" id=\"download-link-4477\" data-redirect=\"false\" >\n\tRahmentrainingsplan\t(13866 Downloads\t)\n<\/a>\n<\/li><li><a  data-e-Disable-Page-Transition=\"true\" class=\"download-link\" title=\"Version 1.0\" href=\"https:\/\/llzbw.de?download=4479&amp;tmstv=1777975234\" rel=\"nofollow\" id=\"download-link-4479\" data-redirect=\"false\" >\n\tStartphase 5er Serien\t(11294 Downloads\t)\n<\/a>\n<\/li><li><a  data-e-Disable-Page-Transition=\"true\" class=\"download-link\" title=\"Version 1.0\" href=\"https:\/\/llzbw.de?download=4481&amp;tmstv=1777975234\" rel=\"nofollow\" id=\"download-link-4481\" data-redirect=\"false\" >\n\tStartphase Stufenprogramm\t(10546 Downloads\t)\n<\/a>\n<\/li><li><a  data-e-Disable-Page-Transition=\"true\" class=\"download-link\" title=\"Version 1.0\" href=\"https:\/\/llzbw.de?download=4483&amp;tmstv=1777975234\" rel=\"nofollow\" id=\"download-link-4483\" data-redirect=\"false\" >\n\tStartphase Zehnertraining Endphase\t(10487 Downloads\t)\n<\/a>\n<\/li><li><a  data-e-Disable-Page-Transition=\"true\" class=\"download-link\" title=\"Version 1.0\" href=\"https:\/\/llzbw.de?download=4485&amp;tmstv=1777975234\" rel=\"nofollow\" id=\"download-link-4485\" data-redirect=\"false\" >\n\tStufenprogramm Endphase\t(10160 Downloads\t)\n<\/a>\n<\/li><\/ul>\n\t\t\t\t<\/p>\n<p style=\"text-align: left;\"><a  data-e-Disable-Page-Transition=\"true\" class=\"download-link\" title=\"Version v1.1\" href=\"https:\/\/llzbw.de?download=4505&amp;tmstv=1777975234\" rel=\"nofollow\" id=\"download-link-4505\" data-redirect=\"false\" >\n\tRahmentrainingsplan\t(8906 Downloads\t)\n<\/a>\n<\/p>\n","protected":false},"excerpt":{"rendered":"<p>Letzte Aktualisierung am 05.02.2018 (Downloads wiederhergestellt) Du m\u00f6chtest in die Fu\u00dfstapfen unserer Olympioniken treten, in der Nationalmannschaft f\u00fcr Deutschland Medaillen sammeln bei Europa-, Weltmeisterschaften und Olympischen Spielen? In der Musterkarriere kannst du das Leistungsniveau sehen, das auf dem Weg dahin &hellip; <a href=\"https:\/\/llzbw.de\/?page_id=260\">Weiterlesen <span class=\"meta-nav\">&rarr;<\/span><\/a><\/p>\n","protected":false},"author":1,"featured_media":0,"parent":106,"menu_order":1,"comment_status":"closed","ping_status":"closed","template":"","meta":{"ngg_post_thumbnail":0,"footnotes":""},"class_list":["post-260","page","type-page","status-publish","hentry"],"_links":{"self":[{"href":"https:\/\/llzbw.de\/index.php?rest_route=\/wp\/v2\/pages\/260","targetHints":{"allow":["GET"]}}],"collection":[{"href":"https:\/\/llzbw.de\/index.php?rest_route=\/wp\/v2\/pages"}],"about":[{"href":"https:\/\/llzbw.de\/index.php?rest_route=\/wp\/v2\/types\/page"}],"author":[{"embeddable":true,"href":"https:\/\/llzbw.de\/index.php?rest_route=\/wp\/v2\/users\/1"}],"replies":[{"embeddable":true,"href":"https:\/\/llzbw.de\/index.php?rest_route=%2Fwp%2Fv2%2Fcomments&post=260"}],"version-history":[{"count":18,"href":"https:\/\/llzbw.de\/index.php?rest_route=\/wp\/v2\/pages\/260\/revisions"}],"predecessor-version":[{"id":4523,"href":"https:\/\/llzbw.de\/index.php?rest_route=\/wp\/v2\/pages\/260\/revisions\/4523"}],"up":[{"embeddable":true,"href":"https:\/\/llzbw.de\/index.php?rest_route=\/wp\/v2\/pages\/106"}],"wp:attachment":[{"href":"https:\/\/llzbw.de\/index.php?rest_route=%2Fwp%2Fv2%2Fmedia&parent=260"}],"curies":[{"name":"wp","href":"https:\/\/api.w.org\/{rel}","templated":true}]}}