{"id":31,"date":"2011-07-20T15:04:48","date_gmt":"2011-07-20T15:04:48","guid":{"rendered":"http:\/\/llz.schiess-blog.de\/?page_id=31"},"modified":"2025-04-26T18:49:16","modified_gmt":"2025-04-26T16:49:16","slug":"impressum","status":"publish","type":"page","link":"https:\/\/llzbw.de\/?page_id=31","title":{"rendered":"Impressum"},"content":{"rendered":"<p><strong><span style=\"text-decoration: underline;\">Angaben gem. Digitale-Dienste-Gesetz \u00a75<\/span><\/strong><\/p>\n<p><strong>Landesleistungszentrum Sportschie\u00dfen Baden-W\u00fcrttemberg e.V.<\/strong><br \/>\n<strong>Ansprechpartner:<\/strong><strong><br \/>\n<\/strong><strong>Leitender Landestrainer Torben Schweter<\/strong><br \/>\nKirschenpfad 1<br \/>\n75181 Pforzheim<br \/>\nDeutschland<br \/>\nTel.: 0174 \/ 3710115<br \/>\nE-Mail: <a href=\"mailto: schweter@llzbw.de\"><u><span style=\"color: #0066cc;\">Torben Schweter<\/span><\/u><\/a><br \/>\nHomepage: www.llzbw.de<\/p>\n<p><strong>Vorstand:<br \/>\n<\/strong>Vorsitzender:&nbsp;&nbsp;&nbsp; Daniel Tosch<br \/>\nVorsitzender:&nbsp; &nbsp; Patrick Manfred Scheel<br \/>\nVorsitzender:&nbsp; &nbsp; Reinhard Mangold<\/p>\n<p>Eingetragen im Vereinsregister des Amtsgerichts Mannheim VR 501427<\/p>\n<p><strong>Gestaltung:<br \/>\n<\/strong><a href=\"mailto: schweter@llzbw.de\">Torben Schweter<\/a><\/p>\n<p><strong>Redaktion:<\/strong><br \/>\n<a href=\"mailto: barner@llzbw.de\">Daniel Barner<\/a> Tel.: 07231\/780390<br \/>\n<a href=\"mailto: sachse@llzbw.de\">Sandra Sachse<\/a> Tel.: 07181\/6694079<br \/>\n<a href=\"mailto: schweter@llzbw.de\">Torben Schweter<\/a> Tel.: 0174\/3710115<\/p>\n<p><strong>Haftungshinweis:<br \/>\n<\/strong>Alle Informationen dienen zur pers\u00f6nlichen Information &#8211; eine kommerzielle Nutzung der Seiten des Landesleistungszentrums Sportschie\u00dfen Baden-W\u00fcrttemberg e.V., der Inhalte, Bilder, Informationen, usw. ist nicht erlaubt.<br \/>\nDie auf dieser Internet-Pr\u00e4senz ver\u00f6ffentlichten Texte, Bilder und Informationen sind zum Teil urheberrechtlich gesch\u00fctzt.<br \/>\nF\u00fcr Fehler im Text, in Erkl\u00e4rungen und Darstellungen oder falsche Links wird keine Haftung \u00fcbernommen.<br \/>\nDas Landesleistungszentrum Sportschie\u00dfen Baden-W\u00fcrttemberg e.V. \u00fcbernimmt auch keinerlei Haftung f\u00fcr die Inhalte der als Links aufgef\u00fchrten Internetangebote.<\/p>\n","protected":false},"excerpt":{"rendered":"<p>Angaben gem. Digitale-Dienste-Gesetz \u00a75 Landesleistungszentrum Sportschie\u00dfen Baden-W\u00fcrttemberg e.V. Ansprechpartner: Leitender Landestrainer Torben Schweter Kirschenpfad 1 75181 Pforzheim Deutschland Tel.: 0174 \/ 3710115 E-Mail: Torben Schweter Homepage: www.llzbw.de Vorstand: Vorsitzender:&nbsp;&nbsp;&nbsp; Daniel Tosch Vorsitzender:&nbsp; &nbsp; Patrick Manfred Scheel Vorsitzender:&nbsp; &nbsp; Reinhard Mangold &hellip; <a href=\"https:\/\/llzbw.de\/?page_id=31\">Weiterlesen <span class=\"meta-nav\">&rarr;<\/span><\/a><\/p>\n","protected":false},"author":1,"featured_media":0,"parent":0,"menu_order":9,"comment_status":"closed","ping_status":"open","template":"","meta":{"ngg_post_thumbnail":0,"footnotes":""},"class_list":["post-31","page","type-page","status-publish","hentry"],"_links":{"self":[{"href":"https:\/\/llzbw.de\/index.php?rest_route=\/wp\/v2\/pages\/31","targetHints":{"allow":["GET"]}}],"collection":[{"href":"https:\/\/llzbw.de\/index.php?rest_route=\/wp\/v2\/pages"}],"about":[{"href":"https:\/\/llzbw.de\/index.php?rest_route=\/wp\/v2\/types\/page"}],"author":[{"embeddable":true,"href":"https:\/\/llzbw.de\/index.php?rest_route=\/wp\/v2\/users\/1"}],"replies":[{"embeddable":true,"href":"https:\/\/llzbw.de\/index.php?rest_route=%2Fwp%2Fv2%2Fcomments&post=31"}],"version-history":[{"count":30,"href":"https:\/\/llzbw.de\/index.php?rest_route=\/wp\/v2\/pages\/31\/revisions"}],"predecessor-version":[{"id":6309,"href":"https:\/\/llzbw.de\/index.php?rest_route=\/wp\/v2\/pages\/31\/revisions\/6309"}],"wp:attachment":[{"href":"https:\/\/llzbw.de\/index.php?rest_route=%2Fwp%2Fv2%2Fmedia&parent=31"}],"curies":[{"name":"wp","href":"https:\/\/api.w.org\/{rel}","templated":true}]}}