{"id":33,"date":"2011-07-20T15:05:59","date_gmt":"2011-07-20T15:05:59","guid":{"rendered":"http:\/\/llz.schiess-blog.de\/?page_id=33"},"modified":"2024-11-04T14:14:42","modified_gmt":"2024-11-04T12:14:42","slug":"llz","status":"publish","type":"page","link":"https:\/\/llzbw.de\/?page_id=33","title":{"rendered":"LLZ"},"content":{"rendered":"<p><a title=\"Vorstand\" href=\"https:\/\/llzbw.de\/?page_id=35\">Vorstand<\/a>&nbsp;&nbsp;&nbsp;&nbsp;&nbsp;&nbsp;&nbsp;&nbsp;&nbsp;&nbsp;&nbsp; <a title=\"Trainer\" href=\"https:\/\/llzbw.de\/?page_id=39\">Trainer<\/a>&nbsp; &nbsp; &nbsp; &nbsp; &nbsp; &nbsp;<a href=\"https:\/\/llzbw.de\/?page_id=6187\">Pr\u00e4ventionskonzepte<\/a><br \/>\n<a title=\"Schie\u00dfst\u00e4nde\" href=\"https:\/\/llzbw.de\/?page_id=41\">Schie\u00dfst\u00e4nde<\/a>&nbsp; &nbsp; <a title=\"Geschichte\" href=\"https:\/\/llzbw.de\/?page_id=37\">Geschichte<\/a>&nbsp; &nbsp; &nbsp;<a title=\"Anfahrt\" href=\"https:\/\/llzbw.de\/?page_id=68\">Anfahrt&nbsp;<\/a> &nbsp;&nbsp;&nbsp;&nbsp;&nbsp;&nbsp;&nbsp;&nbsp;&nbsp;&nbsp;<a title=\"Sponsoren\" href=\"https:\/\/llzbw.de\/?page_id=162\"><br \/>\n<\/a>&nbsp;&nbsp;&nbsp;&nbsp;&nbsp;&nbsp;&nbsp;&nbsp;&nbsp;&nbsp;&nbsp;&nbsp;&nbsp; Kontakt siehe <a title=\"Impressum\" href=\"https:\/\/llzbw.de\/?page_id=31\">Impressum<\/a><\/p>\n","protected":false},"excerpt":{"rendered":"<p>Vorstand&nbsp;&nbsp;&nbsp;&nbsp;&nbsp;&nbsp;&nbsp;&nbsp;&nbsp;&nbsp;&nbsp; Trainer&nbsp; &nbsp; &nbsp; &nbsp; &nbsp; &nbsp;Pr\u00e4ventionskonzepte Schie\u00dfst\u00e4nde&nbsp; &nbsp; Geschichte&nbsp; &nbsp; &nbsp;Anfahrt&nbsp; &nbsp;&nbsp;&nbsp;&nbsp;&nbsp;&nbsp;&nbsp;&nbsp;&nbsp;&nbsp; &nbsp;&nbsp;&nbsp;&nbsp;&nbsp;&nbsp;&nbsp;&nbsp;&nbsp;&nbsp;&nbsp;&nbsp;&nbsp; Kontakt siehe Impressum<\/p>\n","protected":false},"author":1,"featured_media":0,"parent":0,"menu_order":7,"comment_status":"closed","ping_status":"open","template":"","meta":{"ngg_post_thumbnail":0,"footnotes":""},"class_list":["post-33","page","type-page","status-publish","hentry"],"_links":{"self":[{"href":"https:\/\/llzbw.de\/index.php?rest_route=\/wp\/v2\/pages\/33","targetHints":{"allow":["GET"]}}],"collection":[{"href":"https:\/\/llzbw.de\/index.php?rest_route=\/wp\/v2\/pages"}],"about":[{"href":"https:\/\/llzbw.de\/index.php?rest_route=\/wp\/v2\/types\/page"}],"author":[{"embeddable":true,"href":"https:\/\/llzbw.de\/index.php?rest_route=\/wp\/v2\/users\/1"}],"replies":[{"embeddable":true,"href":"https:\/\/llzbw.de\/index.php?rest_route=%2Fwp%2Fv2%2Fcomments&post=33"}],"version-history":[{"count":9,"href":"https:\/\/llzbw.de\/index.php?rest_route=\/wp\/v2\/pages\/33\/revisions"}],"predecessor-version":[{"id":6201,"href":"https:\/\/llzbw.de\/index.php?rest_route=\/wp\/v2\/pages\/33\/revisions\/6201"}],"wp:attachment":[{"href":"https:\/\/llzbw.de\/index.php?rest_route=%2Fwp%2Fv2%2Fmedia&parent=33"}],"curies":[{"name":"wp","href":"https:\/\/api.w.org\/{rel}","templated":true}]}}