{"id":35,"date":"2011-07-20T15:06:23","date_gmt":"2011-07-20T15:06:23","guid":{"rendered":"http:\/\/llz.schiess-blog.de\/?page_id=35"},"modified":"2024-11-04T14:09:41","modified_gmt":"2024-11-04T12:09:41","slug":"vorstand","status":"publish","type":"page","link":"https:\/\/llzbw.de\/?page_id=35","title":{"rendered":"Vorstand"},"content":{"rendered":"<p>Die Verwaltung arbeitete \u00fcber einen Schulungsausschuss, der sich aus Vertretern der drei Verb\u00e4nde zusammensetzte (3 Landessch\u00fctzenmeister, 3 Landessportleiter, 3 Landesschulungsleiter &#8211; zus\u00e4tzlich 1 Vorsitzender, 1 Schatzmeister und 1 Schriftf\u00fchrer, der gleichzeitig stv. Vorsitzender war; auch diese 3 Personen mussten Vorstandsmitglieder ihrer jeweiligen Verb\u00e4nde sein). Im Jahre 1999 wurde der LLZ-Verein f\u00fcr Sportschie\u00dfen Baden-W\u00fcrttemberg e.V. aus rechtlichen Gr\u00fcnden ins Leben gerufen.<\/p>\n<p>Der amtierende Vorstand setzt sich wie folgt zusammen:<\/p>\n<p><strong>Vorstand:&nbsp; &nbsp; Daniel Tosch<b><br>Vorstand:&nbsp; &nbsp; Patrick Manfred Scheel<br><\/b><\/strong><strong>Vorstand:&nbsp; &nbsp; Reinhard Mangold<br><\/strong><\/p>\n<p>Der LLZ-Vorstand wird von den Mitgliedern des LLZ-Vereins gew\u00e4hlt und amtiert 2 Jahre. Die Arbeit wird ehrenamtlich ausgef\u00fchrt.<\/p>\n<p>Ferner gibt es einen Schulungsbeirat, der keinen Sitz und keine Stimme im Vorstand hat, sondern ein beratendes Gremium zwischen dem LLZ und den Landesverb\u00e4nden ist.<\/p>\n<p>Es existiert ein sog. &#8222;Strukturplan 2021 &#8211; 2024&#8220; in dem die 3 baden-w\u00fcrttembergischen Sch\u00fctzenverb\u00e4nde ihre Konzeption der Grunds\u00e4tze zur Leistungsf\u00f6rderung, Talentschulung und Kaderauswahl von 1992 sowie aus den 4-j\u00e4hrigen Strukturpl\u00e4nen seit 1997 aktualisieren und fortschreiben.<\/p>\n<p>Zur Modernisierung des LLZs werden im Jahr 2011 die KK 50m und KK 25m St\u00e4nde durch Aktualisierung der Meyton Anlage, Einbau von Rolltoren, Sonnend\u00e4chern an den Zielen, Erneuerung des Fu\u00dfbodens und Entfernung der Schie\u00dfpritschen, auf den neuesten, international \u00fcblichen Standard, gebracht.<\/p>\n\n\n<p><\/p>\n","protected":false},"excerpt":{"rendered":"<p>Die Verwaltung arbeitete \u00fcber einen Schulungsausschuss, der sich aus Vertretern der drei Verb\u00e4nde zusammensetzte (3 Landessch\u00fctzenmeister, 3 Landessportleiter, 3 Landesschulungsleiter &#8211; zus\u00e4tzlich 1 Vorsitzender, 1 Schatzmeister und 1 Schriftf\u00fchrer, der gleichzeitig stv. Vorsitzender war; auch diese 3 Personen mussten Vorstandsmitglieder &hellip; <a href=\"https:\/\/llzbw.de\/?page_id=35\">Weiterlesen <span class=\"meta-nav\">&rarr;<\/span><\/a><\/p>\n","protected":false},"author":1,"featured_media":0,"parent":33,"menu_order":0,"comment_status":"closed","ping_status":"open","template":"","meta":{"ngg_post_thumbnail":0,"footnotes":""},"class_list":["post-35","page","type-page","status-publish","hentry"],"_links":{"self":[{"href":"https:\/\/llzbw.de\/index.php?rest_route=\/wp\/v2\/pages\/35","targetHints":{"allow":["GET"]}}],"collection":[{"href":"https:\/\/llzbw.de\/index.php?rest_route=\/wp\/v2\/pages"}],"about":[{"href":"https:\/\/llzbw.de\/index.php?rest_route=\/wp\/v2\/types\/page"}],"author":[{"embeddable":true,"href":"https:\/\/llzbw.de\/index.php?rest_route=\/wp\/v2\/users\/1"}],"replies":[{"embeddable":true,"href":"https:\/\/llzbw.de\/index.php?rest_route=%2Fwp%2Fv2%2Fcomments&post=35"}],"version-history":[{"count":14,"href":"https:\/\/llzbw.de\/index.php?rest_route=\/wp\/v2\/pages\/35\/revisions"}],"predecessor-version":[{"id":6197,"href":"https:\/\/llzbw.de\/index.php?rest_route=\/wp\/v2\/pages\/35\/revisions\/6197"}],"up":[{"embeddable":true,"href":"https:\/\/llzbw.de\/index.php?rest_route=\/wp\/v2\/pages\/33"}],"wp:attachment":[{"href":"https:\/\/llzbw.de\/index.php?rest_route=%2Fwp%2Fv2%2Fmedia&parent=35"}],"curies":[{"name":"wp","href":"https:\/\/api.w.org\/{rel}","templated":true}]}}