{"id":37,"date":"2011-07-20T15:08:08","date_gmt":"2011-07-20T15:08:08","guid":{"rendered":"http:\/\/llz.schiess-blog.de\/?page_id=37"},"modified":"2024-11-04T14:19:31","modified_gmt":"2024-11-04T12:19:31","slug":"geschichte","status":"publish","type":"page","link":"https:\/\/llzbw.de\/?page_id=37","title":{"rendered":"Geschichte"},"content":{"rendered":"<p>Das Landesleistungszentrum Pforzheim wurde 1973 gegr\u00fcndet; Zielsetzung war es damals, die leistungsorientierten Sch\u00fctzen der drei Landesverb\u00e4nde zu gemeinsamer Schulung zusammen zu f\u00fchren. Ideengr\u00fcnder f\u00fcr ein &#8222;badisches Leistungszentrum f\u00fcr Sportsch\u00fctzen&#8220; war der damalige Landessch\u00fctzenmeister Walter Prokop. Im Verlauf der Planung stellte es sich jedoch heraus, dass alle drei Verb\u00e4nde dazu genommen werden mussten. W\u00e4hrend der Verhandlungen wurde beschlossen, die bestehende Anlage der SG Pforzheim entsprechend den Erfordernissen zu vergr\u00f6\u00dfern und mit einem Internatsgeb\u00e4ude zu versehen &#8211; dass dazu notwenige Gel\u00e4nde war vorhanden.<\/p>\n<p>Im ersten Jahr der Arbeit am LLZ arbeiteten die Trainer mit ihren Sch\u00fctzlingen getrennt nach Landesverb\u00e4nden; bereits nach zwei Jahren schloss man sich nach leistungsorientierten Gruppen zusammen.<\/p>\n<p>Das <strong>Landesleistungszentrum Pforzheim <\/strong>ist die Trainingsst\u00e4tte f\u00fcr junge Sportsch\u00fctzen, mit dem Ziel der Leistungssteigerung, um sich f\u00fcr den Nationalkader des Deutschen Sch\u00fctzenbundes zu qualifizieren. An vielen Tagen des Jahres kommen die Sch\u00fctzen ins LLZ, um dort ihre Technik noch weiter zu verbessern. Aber auch die konditionelle Seite darf dabei nicht zu kurz kommen; um bei anstrengenden Wettk\u00e4mpfen die Konzentration meist \u00fcber mehrere Stunden zu erhalten, haben die Sportler am umliegenden Wald die M\u00f6glichkeit ganz individuell die eigene Ausdauer zu trainieren. F\u00fcr Tipps und Tricks stehen den Sch\u00fctzen w\u00e4hrend der Lehrg\u00e4nge und Wettk\u00e4mpfe ihre Trainer zur Seite, die meist selbst bereits jahrelange Erfahrung aus ihrer aktiven Sportsch\u00fctzenzeit mitbringen. Jedes Jahr findet in Pforzheim erneut ein Qualifikationsschie\u00dfen statt, wodurch immer wieder neue hoffnungsvolle Talente in den Kader des LLZ\u00b4s aufgenommen werden. Alle Sch\u00fctzen, die in diesem Jahr im Kader des Landesleistungszentrums sind, findet Ihr unter Kader in der entsprechenden Disziplin-Gruppe.<\/p>\n<p><strong>Seit mehr als 20 Jahren <\/strong>fungiert das LLZ Pforzheim auch als <strong>Bundesst\u00fctzpunkt<\/strong> des Deutschen Sch\u00fctzenbundes mit 4-j\u00e4hriger Anerkennung.<\/p>\n","protected":false},"excerpt":{"rendered":"<p>Das Landesleistungszentrum Pforzheim wurde 1973 gegr\u00fcndet; Zielsetzung war es damals, die leistungsorientierten Sch\u00fctzen der drei Landesverb\u00e4nde zu gemeinsamer Schulung zusammen zu f\u00fchren. Ideengr\u00fcnder f\u00fcr ein &#8222;badisches Leistungszentrum f\u00fcr Sportsch\u00fctzen&#8220; war der damalige Landessch\u00fctzenmeister Walter Prokop. Im Verlauf der Planung stellte &hellip; <a href=\"https:\/\/llzbw.de\/?page_id=37\">Weiterlesen <span class=\"meta-nav\">&rarr;<\/span><\/a><\/p>\n","protected":false},"author":1,"featured_media":0,"parent":33,"menu_order":4,"comment_status":"closed","ping_status":"open","template":"","meta":{"ngg_post_thumbnail":0,"footnotes":""},"class_list":["post-37","page","type-page","status-publish","hentry"],"_links":{"self":[{"href":"https:\/\/llzbw.de\/index.php?rest_route=\/wp\/v2\/pages\/37","targetHints":{"allow":["GET"]}}],"collection":[{"href":"https:\/\/llzbw.de\/index.php?rest_route=\/wp\/v2\/pages"}],"about":[{"href":"https:\/\/llzbw.de\/index.php?rest_route=\/wp\/v2\/types\/page"}],"author":[{"embeddable":true,"href":"https:\/\/llzbw.de\/index.php?rest_route=\/wp\/v2\/users\/1"}],"replies":[{"embeddable":true,"href":"https:\/\/llzbw.de\/index.php?rest_route=%2Fwp%2Fv2%2Fcomments&post=37"}],"version-history":[{"count":4,"href":"https:\/\/llzbw.de\/index.php?rest_route=\/wp\/v2\/pages\/37\/revisions"}],"predecessor-version":[{"id":6204,"href":"https:\/\/llzbw.de\/index.php?rest_route=\/wp\/v2\/pages\/37\/revisions\/6204"}],"up":[{"embeddable":true,"href":"https:\/\/llzbw.de\/index.php?rest_route=\/wp\/v2\/pages\/33"}],"wp:attachment":[{"href":"https:\/\/llzbw.de\/index.php?rest_route=%2Fwp%2Fv2%2Fmedia&parent=37"}],"curies":[{"name":"wp","href":"https:\/\/api.w.org\/{rel}","templated":true}]}}