{"id":39,"date":"2011-07-20T15:08:51","date_gmt":"2011-07-20T15:08:51","guid":{"rendered":"http:\/\/llz.schiess-blog.de\/?page_id=39"},"modified":"2024-09-27T13:48:27","modified_gmt":"2024-09-27T11:48:27","slug":"trainer","status":"publish","type":"page","link":"https:\/\/llzbw.de\/?page_id=39","title":{"rendered":"Trainer"},"content":{"rendered":"<p><strong>F\u00fcr das LLZ Sportschie\u00dfen Baden-W\u00fcrttemberg e.V. arbeiten drei hauptamtliche Trainer:<\/strong><\/p>\n<p><strong><a href=\"mailto: schweter@llzbw.de\">Torben Schweter<\/a><\/strong> (Leitender Landestrainer \/ Gewehrtrainer) Tel.: 0174\/3710115<br \/>\n<strong><a href=\"mailto: barner@llzbw.de\">Daniel Barner<\/a><\/strong> (Pistolentrainer) Tel.: 07231\/780390<br \/>\n<strong><a href=\"mailto: sachse@llzbw.de\">Sandra Sachse<\/a><\/strong> (Bogentrainerin) Tel.: 07181\/6694079<\/p>\n<p>Dazu kommen&nbsp;10 Honorartrainer, die entsprechend den Wochenendlehrg\u00e4ngen eingesetzt werden.<\/p>\n<p>Das Trainerbild ist nicht nur die Arbeit auf dem Stand, es stehen auch B\u00fcroarbeiten und Organisation hintendran. Es beginnt bei der Lehrgangsorganisation, allen ausw\u00e4rtigen Ma\u00dfnahmen, Auszahlung der Fahrgelder, Ausgabe und Verwaltung der Munition, Lehrgangsabrechnung, Betreuung im sozialen Umfeld der Sportler, z.B. Nachhilfestunden, psychologische Betreuung, etc.<\/p>\n","protected":false},"excerpt":{"rendered":"<p>F\u00fcr das LLZ Sportschie\u00dfen Baden-W\u00fcrttemberg e.V. arbeiten drei hauptamtliche Trainer: Torben Schweter (Leitender Landestrainer \/ Gewehrtrainer) Tel.: 0174\/3710115 Daniel Barner (Pistolentrainer) Tel.: 07231\/780390 Sandra Sachse (Bogentrainerin) Tel.: 07181\/6694079 Dazu kommen&nbsp;10 Honorartrainer, die entsprechend den Wochenendlehrg\u00e4ngen eingesetzt werden. Das Trainerbild ist &hellip; <a href=\"https:\/\/llzbw.de\/?page_id=39\">Weiterlesen <span class=\"meta-nav\">&rarr;<\/span><\/a><\/p>\n","protected":false},"author":1,"featured_media":0,"parent":33,"menu_order":1,"comment_status":"closed","ping_status":"open","template":"","meta":{"ngg_post_thumbnail":0,"footnotes":""},"class_list":["post-39","page","type-page","status-publish","hentry"],"_links":{"self":[{"href":"https:\/\/llzbw.de\/index.php?rest_route=\/wp\/v2\/pages\/39","targetHints":{"allow":["GET"]}}],"collection":[{"href":"https:\/\/llzbw.de\/index.php?rest_route=\/wp\/v2\/pages"}],"about":[{"href":"https:\/\/llzbw.de\/index.php?rest_route=\/wp\/v2\/types\/page"}],"author":[{"embeddable":true,"href":"https:\/\/llzbw.de\/index.php?rest_route=\/wp\/v2\/users\/1"}],"replies":[{"embeddable":true,"href":"https:\/\/llzbw.de\/index.php?rest_route=%2Fwp%2Fv2%2Fcomments&post=39"}],"version-history":[{"count":10,"href":"https:\/\/llzbw.de\/index.php?rest_route=\/wp\/v2\/pages\/39\/revisions"}],"predecessor-version":[{"id":6145,"href":"https:\/\/llzbw.de\/index.php?rest_route=\/wp\/v2\/pages\/39\/revisions\/6145"}],"up":[{"embeddable":true,"href":"https:\/\/llzbw.de\/index.php?rest_route=\/wp\/v2\/pages\/33"}],"wp:attachment":[{"href":"https:\/\/llzbw.de\/index.php?rest_route=%2Fwp%2Fv2%2Fmedia&parent=39"}],"curies":[{"name":"wp","href":"https:\/\/api.w.org\/{rel}","templated":true}]}}