{"id":4038,"date":"2017-01-31T19:36:04","date_gmt":"2017-01-31T17:36:04","guid":{"rendered":"http:\/\/www.llzbw.de\/?page_id=4038"},"modified":"2018-01-24T17:02:40","modified_gmt":"2018-01-24T15:02:40","slug":"ergebnisse-2017","status":"publish","type":"page","link":"https:\/\/llzbw.de\/?page_id=4038","title":{"rendered":"Ergebnisse 2017"},"content":{"rendered":"\n<table id=\"tablepress-9\" class=\"tablepress tablepress-id-9\">\n<thead>\n<tr class=\"row-1\">\n\t<th class=\"column-1\"><a href=http:\/\/www.llzbw.de\/wp-content\/uploads\/2017\/12\/LG_Sichtung_Dortmund_2017.pdf>DSB Luftgewehr Sichtung und Qualifikation zum YOG-Quotenplatztunier<\/a><\/th><th class=\"column-2\">Gewehr<\/th><th class=\"column-3\">03.12.2017<\/th>\n<\/tr>\n<\/thead>\n<tbody class=\"row-striping row-hover\">\n<tr class=\"row-2\">\n\t<td class=\"column-1\"><a href=http:\/\/www.llzbw.de\/wp-content\/uploads\/2017\/11\/LG_Vergleich_BY_BW_Nov_2017.pdf>Luftgewehr Vergleichswettkampf Bayern gegen LLZ Baden-W\u00fcrttemberg<\/a><\/td><td class=\"column-2\">Gewehr<\/td><td class=\"column-3\">19.11.2017<\/td>\n<\/tr>\n<tr class=\"row-3\">\n\t<td class=\"column-1\"><a href=http:\/\/www.llzbw.de\/wp-content\/uploads\/2017\/08\/2_DSB_RL_Junioren_2017.pdf>2. DSB Rangliste Junioren 2017<\/a><\/td><td class=\"column-2\">Gewehr<\/td><td class=\"column-3\">06.08.2017<\/td>\n<\/tr>\n<tr class=\"row-4\">\n\t<td class=\"column-1\"><a href=http:\/\/www.llzbw.de\/wp-content\/uploads\/2017\/08\/2_DSB_RL_Gewehr_2017_Erwachsene.pdf>2. DSB Rangliste Damen und Herren 2017<\/a><\/td><td class=\"column-2\">Gewehr<\/td><td class=\"column-3\">06.08.2017<\/td>\n<\/tr>\n<tr class=\"row-5\">\n\t<td class=\"column-1\"><a href=http:\/\/www.llzbw.de\/wp-content\/uploads\/2017\/07\/DSB_RL_Junioren_2017.pdf>1. DSB Rangliste Junioren 2017<\/a><\/td><td class=\"column-2\">Gewehr<\/td><td class=\"column-3\">09.07.2017<\/td>\n<\/tr>\n<tr class=\"row-6\">\n\t<td class=\"column-1\"><a href=http:\/\/www.llzbw.de\/wp-content\/uploads\/2017\/06\/Results_International_Competition_Pforzheim.pdf>Results from the International Competition of young Shooters in Pforzheim<\/a><\/td><td class=\"column-2\">Gewehr<\/td><td class=\"column-3\">18.06.2017<\/td>\n<\/tr>\n<tr class=\"row-7\">\n\t<td class=\"column-1\"><a href=http:\/\/www.llzbw.de\/wp-content\/uploads\/2017\/06\/EM_Quali_Hannover_Gewehr_2017.pdf>EM Qualifikation der Damen und Herren in Hannover<\/a><\/td><td class=\"column-2\">Gewehr<\/td><td class=\"column-3\">04.06.2017<\/td>\n<\/tr>\n<tr class=\"row-8\">\n\t<td class=\"column-1\"><a href=http:\/\/www.llzbw.de\/wp-content\/uploads\/2017\/06\/WM-EM-YOG-Quali_Jun._Suhl_-G-.pdf>WM, EM und YOG Qualifikation der Junioren in Suhl<\/a><\/td><td class=\"column-2\">Gewehr<\/td><td class=\"column-3\"> 24.05.2017<\/td>\n<\/tr>\n<tr class=\"row-9\">\n\t<td class=\"column-1\"><a href=http:\/\/www.llzbw.de\/wp-content\/uploads\/2017\/03\/OSP_Vergleich_Gewehr_2017.pdf>OSP Vergleich 2017<\/a><\/td><td class=\"column-2\">Gewehr<\/td><td class=\"column-3\">16.03.2017<\/td>\n<\/tr>\n<tr class=\"row-10\">\n\t<td class=\"column-1\"><a href=http:\/\/www.llzbw.de\/wp-content\/uploads\/2017\/02\/EM_Quali_LP_2017.pdf>Luftpistole EM-Qualifikation 2017<\/a><\/td><td class=\"column-2\">Pistole<\/td><td class=\"column-3\">12.02.2017<\/td>\n<\/tr>\n<tr class=\"row-11\">\n\t<td class=\"column-1\"><a href=http:\/\/www.llzbw.de\/wp-content\/uploads\/2017\/01\/LG_EM_Quali_Muenchen_2017.pdf>Luftgewehr EM-Qualifikation 2017<\/a><\/td><td class=\"column-2\">Gewehr<\/td><td class=\"column-3\">28.01.2017<\/td>\n<\/tr>\n<\/tbody>\n<\/table>\n<!-- #tablepress-9 from cache -->\n<div id=\"SL_balloon_obj\" style=\"display: block;\">\n<div id=\"SL_button\" class=\"SL_ImTranslatorLogo\" style=\"background: rgba(0, 0, 0, 0) url('moz-extension:\/\/c53e8f1e-89f7-415e-bcbc-f17e13aa549b\/content\/img\/util\/imtranslator-s.png') repeat scroll 0% 0%; display: none; opacity: 1; left: -9px; top: 47px;\">&nbsp;<\/div>\n<div id=\"SL_shadow_translation_result2\" style=\"display: none;\">&nbsp;<\/div>\n<div id=\"SL_shadow_translator\" style=\"display: none;\">\n<div id=\"SL_planshet\">\n<div id=\"SL_arrow_up\" style=\"background: rgba(0, 0, 0, 0) url('moz-extension:\/\/c53e8f1e-89f7-415e-bcbc-f17e13aa549b\/content\/img\/util\/up.png') repeat scroll 0% 0%;\">&nbsp;<\/div>\n<div id=\"SL_Bproviders\">\n<div id=\"SL_P0\" class=\"SL_BL_LABLE_ON\" title=\"Google\">G<\/div>\n<div id=\"SL_P1\" class=\"SL_BL_LABLE_ON\" title=\"Microsoft\">M<\/div>\n<div id=\"SL_P2\" class=\"SL_BL_LABLE_ON\" title=\"Translator\">T<\/div>\n<\/div>\n<div id=\"SL_alert_bbl\" style=\"display: none;\">\n<div id=\"SLHKclose\" style=\"background: rgba(0, 0, 0, 0) url('moz-extension:\/\/c53e8f1e-89f7-415e-bcbc-f17e13aa549b\/content\/img\/util\/delete.png') repeat scroll 0% 0%;\">&nbsp;<\/div>\n<div id=\"SL_alert_cont\">&nbsp;<\/div>\n<\/div>\n<div id=\"SL_TB\">\n<table id=\"SL_tables\" cellspacing=\"1\">\n<tbody>\n<tr>\n<td class=\"SL_td\" align=\"right\" width=\"10%\"><input id=\"SL_locer\" title=\"Sprache sichern\" type=\"checkbox\"><\/td>\n<td class=\"SL_td\" align=\"left\" width=\"20%\"><select id=\"SL_lng_from\" style=\"background: #ffffff url('moz-extension:\/\/c53e8f1e-89f7-415e-bcbc-f17e13aa549b\/content\/img\/util\/select.png') no-repeat scroll 100% 0px;\"><option value=\"auto\">Sprache erkennen<\/option><option value=\"af\">Afrikaans<\/option><option value=\"sq\">Albanisch<\/option><option value=\"ar\">Arabisch<\/option><option value=\"hy\">Armenisch<\/option><option value=\"az\">Aserbaidschanisch<\/option><option value=\"eu\">Baskisch<\/option><option value=\"bn\">Bengalisch<\/option><option value=\"bs\">Bosnisch<\/option><option value=\"bg\">Bulgarisch<\/option><option value=\"my\">Burmesisch<\/option><option value=\"ceb\">Cebuano<\/option><option value=\"ny\">Chichewa<\/option><option value=\"zh-CN\">Chinesisch (ver)<\/option><option value=\"zh-TW\">Chinesisch (trad)<\/option><option value=\"da\">D\u00e4nisch<\/option><option value=\"de\">Deutsch<\/option><option value=\"en\">Englisch<\/option><option value=\"eo\">Esperanto<\/option><option value=\"et\">Estnisch<\/option><option value=\"fi\">Finnisch<\/option><option value=\"fr\">Franz\u00f6sisch<\/option><option value=\"gl\">Galizisch<\/option><option value=\"ka\">Georgisch<\/option><option value=\"el\">Griechisch<\/option><option value=\"gu\">Gujarati<\/option><option value=\"ht\">Haitianisch<\/option><option value=\"ha\">Hausa<\/option><option value=\"iw\">Hebr\u00e4isch<\/option><option value=\"hi\">Hindi<\/option><option value=\"hmn\">Hmong<\/option><option value=\"ig\">Igbo<\/option><option value=\"id\">Indonesisch<\/option><option value=\"ga\">Irisch<\/option><option value=\"is\">Isl\u00e4ndisch<\/option><option value=\"it\">Italienisch<\/option><option value=\"ja\">Japanisch<\/option><option value=\"jw\">Javanesisch<\/option><option value=\"yi\">Jiddisch<\/option><option value=\"kn\">Kannada<\/option><option value=\"kk\">Kasachisch<\/option><option value=\"ca\">Katalanisch<\/option><option value=\"km\">Khmer<\/option><option value=\"ko\">Koreanisch<\/option><option value=\"hr\">Kroatisch<\/option><option value=\"lo\">Lao<\/option><option value=\"la\">Lateinish<\/option><option value=\"lv\">Lettisch<\/option><option value=\"lt\">Litauisch<\/option><option value=\"ml\">Malabarisch<\/option><option value=\"mg\">Malagasy<\/option><option value=\"ms\">Malaysisch<\/option><option value=\"mt\">Maltesisch<\/option><option value=\"mi\">Maori<\/option><option value=\"mr\">Marathisch<\/option><option value=\"mk\">Mazedonisch<\/option><option value=\"mn\">Mongolisch<\/option><option value=\"ne\">Nepalesisch<\/option><option value=\"nl\">Niederl\u00e4ndisch<\/option><option value=\"no\">Norwegisch<\/option><option value=\"fa\">Persisch<\/option><option value=\"pl\">Polnisch<\/option><option value=\"pt\">Portugiesisch<\/option><option value=\"pa\">Punjabi<\/option><option value=\"ro\">Rum\u00e4nisch<\/option><option value=\"ru\">Russisch<\/option><option value=\"sv\">Schwedisch<\/option><option value=\"sr\">Serbisch<\/option><option value=\"st\">Sesotho<\/option><option value=\"si\">Singhalesisch<\/option><option value=\"sk\">Slowakisch<\/option><option value=\"sl\">Slowenisch<\/option><option value=\"so\">Somali<\/option><option value=\"es\">Spanisch<\/option><option value=\"sw\">Suaheli<\/option><option value=\"su\">Sundanesisch<\/option><option value=\"tg\">Tadschikisch<\/option><option value=\"tl\">Tagalog<\/option><option value=\"ta\">Tamil<\/option><option value=\"te\">Telugu<\/option><option value=\"th\">Thail\u00e4ndisch<\/option><option value=\"cs\">Tschechisch<\/option><option value=\"tr\">T\u00fcrkisch<\/option><option value=\"uk\">Ukrainisch<\/option><option value=\"hu\">Ungarisch<\/option><option value=\"ur\">Urdu<\/option><option value=\"uz\">Uzbekisch<\/option><option value=\"vi\">Vietnamesisch<\/option><option value=\"cy\">Walisisch<\/option><option value=\"be\">Wei\u00dfrussisch<\/option><option value=\"yo\">Yoruba<\/option><option value=\"zu\">Zulu<\/option><\/select><\/td>\n<td class=\"SL_td\" align=\"center\" width=\"3\">\n<div id=\"SL_switch_b\" style=\"background: rgba(0, 0, 0, 0) url('moz-extension:\/\/c53e8f1e-89f7-415e-bcbc-f17e13aa549b\/content\/img\/util\/switchb.png') repeat scroll 0% 0%;\" title=\"Sprachen umschalten\">&nbsp;<\/div>\n<\/td>\n<td class=\"SL_td\" align=\"left\" width=\"20%\"><select id=\"SL_lng_to\" style=\"background: #ffffff url('moz-extension:\/\/c53e8f1e-89f7-415e-bcbc-f17e13aa549b\/content\/img\/util\/select.png') no-repeat scroll 100% 0px;\"><option value=\"af\">Afrikaans<\/option><option value=\"sq\">Albanisch<\/option><option value=\"ar\">Arabisch<\/option><option value=\"hy\">Armenisch<\/option><option value=\"az\">Aserbaidschanisch<\/option><option value=\"eu\">Baskisch<\/option><option value=\"bn\">Bengalisch<\/option><option value=\"bs\">Bosnisch<\/option><option value=\"bg\">Bulgarisch<\/option><option value=\"my\">Burmesisch<\/option><option value=\"ceb\">Cebuano<\/option><option value=\"ny\">Chichewa<\/option><option value=\"zh-CN\">Chinesisch (ver)<\/option><option value=\"zh-TW\">Chinesisch (trad)<\/option><option value=\"da\">D\u00e4nisch<\/option><option selected=\"selected\" value=\"de\">Deutsch<\/option><option value=\"en\">Englisch<\/option><option value=\"eo\">Esperanto<\/option><option value=\"et\">Estnisch<\/option><option value=\"fi\">Finnisch<\/option><option value=\"fr\">Franz\u00f6sisch<\/option><option value=\"gl\">Galizisch<\/option><option value=\"ka\">Georgisch<\/option><option value=\"el\">Griechisch<\/option><option value=\"gu\">Gujarati<\/option><option value=\"ht\">Haitianisch<\/option><option value=\"ha\">Hausa<\/option><option value=\"iw\">Hebr\u00e4isch<\/option><option value=\"hi\">Hindi<\/option><option value=\"hmn\">Hmong<\/option><option value=\"ig\">Igbo<\/option><option value=\"id\">Indonesisch<\/option><option value=\"ga\">Irisch<\/option><option value=\"is\">Isl\u00e4ndisch<\/option><option value=\"it\">Italienisch<\/option><option value=\"ja\">Japanisch<\/option><option value=\"jw\">Javanesisch<\/option><option value=\"yi\">Jiddisch<\/option><option value=\"kn\">Kannada<\/option><option value=\"kk\">Kasachisch<\/option><option value=\"ca\">Katalanisch<\/option><option value=\"km\">Khmer<\/option><option value=\"ko\">Koreanisch<\/option><option value=\"hr\">Kroatisch<\/option><option value=\"lo\">Lao<\/option><option value=\"la\">Lateinish<\/option><option value=\"lv\">Lettisch<\/option><option value=\"lt\">Litauisch<\/option><option value=\"ml\">Malabarisch<\/option><option value=\"mg\">Malagasy<\/option><option value=\"ms\">Malaysisch<\/option><option value=\"mt\">Maltesisch<\/option><option value=\"mi\">Maori<\/option><option value=\"mr\">Marathisch<\/option><option value=\"mk\">Mazedonisch<\/option><option value=\"mn\">Mongolisch<\/option><option value=\"ne\">Nepalesisch<\/option><option value=\"nl\">Niederl\u00e4ndisch<\/option><option value=\"no\">Norwegisch<\/option><option value=\"fa\">Persisch<\/option><option value=\"pl\">Polnisch<\/option><option value=\"pt\">Portugiesisch<\/option><option value=\"pa\">Punjabi<\/option><option value=\"ro\">Rum\u00e4nisch<\/option><option value=\"ru\">Russisch<\/option><option value=\"sv\">Schwedisch<\/option><option value=\"sr\">Serbisch<\/option><option value=\"st\">Sesotho<\/option><option value=\"si\">Singhalesisch<\/option><option value=\"sk\">Slowakisch<\/option><option value=\"sl\">Slowenisch<\/option><option value=\"so\">Somali<\/option><option value=\"es\">Spanisch<\/option><option value=\"sw\">Suaheli<\/option><option value=\"su\">Sundanesisch<\/option><option value=\"tg\">Tadschikisch<\/option><option value=\"tl\">Tagalog<\/option><option value=\"ta\">Tamil<\/option><option value=\"te\">Telugu<\/option><option value=\"th\">Thail\u00e4ndisch<\/option><option value=\"cs\">Tschechisch<\/option><option value=\"tr\">T\u00fcrkisch<\/option><option value=\"uk\">Ukrainisch<\/option><option value=\"hu\">Ungarisch<\/option><option value=\"ur\">Urdu<\/option><option value=\"uz\">Uzbekisch<\/option><option value=\"vi\">Vietnamesisch<\/option><option value=\"cy\">Walisisch<\/option><option value=\"be\">Wei\u00dfrussisch<\/option><option value=\"yo\">Yoruba<\/option><option value=\"zu\">Zulu<\/option><\/select><\/td>\n<td class=\"SL_td\" align=\"center\" width=\"8%\">\n<div id=\"SL_TTS_voice\" style=\"background: rgba(0, 0, 0, 0) url('moz-extension:\/\/c53e8f1e-89f7-415e-bcbc-f17e13aa549b\/content\/img\/util\/ttsvoice.png') repeat scroll 0% 0%;\" title=\"Zuh\u00f6ren\">&nbsp;<\/div>\n<\/td>\n<td class=\"SL_td\" align=\"center\" width=\"8%\">\n<div id=\"SL_copy\" class=\"SL_copy\" style=\"background: rgba(0, 0, 0, 0) url('moz-extension:\/\/c53e8f1e-89f7-415e-bcbc-f17e13aa549b\/content\/img\/util\/copy.png') repeat scroll 0% 0%;\" title=\"Kopieren\">&nbsp;<\/div>\n<\/td>\n<td class=\"SL_td\" align=\"center\" width=\"8%\">\n<div id=\"SL_bbl_font_patch\">&nbsp;<\/div>\n<div id=\"SL_bbl_font\" class=\"SL_bbl_font\" style=\"background: rgba(0, 0, 0, 0) url('moz-extension:\/\/c53e8f1e-89f7-415e-bcbc-f17e13aa549b\/content\/img\/util\/font.png') repeat scroll 0% 0%;\" title=\"Schriftgr\u00f6\u00dfe\">&nbsp;<\/div>\n<\/td>\n<td class=\"SL_td\" align=\"center\" width=\"8%\">\n<div id=\"SL_bbl_help\" style=\"background: rgba(0, 0, 0, 0) url('moz-extension:\/\/c53e8f1e-89f7-415e-bcbc-f17e13aa549b\/content\/img\/util\/bhelp.png') repeat scroll 0% 0%;\" title=\"Hilfe\">&nbsp;<\/div>\n<\/td>\n<td class=\"SL_td\" align=\"right\" width=\"15%\">\n<div id=\"SL_pin\" class=\"SL_pin_off\" style=\"background: rgba(0, 0, 0, 0) url('moz-extension:\/\/c53e8f1e-89f7-415e-bcbc-f17e13aa549b\/content\/img\/util\/pin-on.png') repeat scroll 0% 0%;\" title=\"Pop-up-\u00dcbersetzer nageln\">&nbsp;<\/div>\n<\/td>\n<\/tr>\n<\/tbody>\n<\/table>\n<\/div>\n<\/div>\n<div id=\"SL_shadow_translation_result\" style=\"visibility: visible;\">&nbsp;<\/div>\n<div id=\"SL_loading\" class=\"SL_loading\" style=\"background: rgba(0, 0, 0, 0) url('moz-extension:\/\/c53e8f1e-89f7-415e-bcbc-f17e13aa549b\/content\/img\/util\/loading.gif') repeat scroll 0% 0%;\">&nbsp;<\/div>\n<div id=\"SL_player2\">&nbsp;<\/div>\n<div id=\"SL_alert100\">Die Sound-Funktion ist auf 200 Zeichen begrenzt<\/div>\n<div id=\"SL_Balloon_options\" style=\"background: #ffffff url('moz-extension:\/\/c53e8f1e-89f7-415e-bcbc-f17e13aa549b\/content\/img\/util\/bg3.png') repeat scroll 0% 0%;\">\n<div id=\"SL_arrow_down\" style=\"background: rgba(0, 0, 0, 0) url('moz-extension:\/\/c53e8f1e-89f7-415e-bcbc-f17e13aa549b\/content\/img\/util\/down.png') repeat scroll 0% 0%;\">&nbsp;<\/div>\n<table id=\"SL_tbl_opt\" width=\"100%\">\n<tbody>\n<tr>\n<td align=\"center\" width=\"5%\"><input id=\"SL_BBL_locer\" title=\"Schaltfl\u00e4che ImTranslator anzeigen 3 Sekunden\" checked=\"checked\" type=\"checkbox\"><\/td>\n<td align=\"left\" width=\"5%\">\n<div id=\"SL_BBL_IMG\" style=\"background: rgba(0, 0, 0, 0) url('moz-extension:\/\/c53e8f1e-89f7-415e-bcbc-f17e13aa549b\/content\/img\/util\/bbl-logo.png') repeat scroll 0% 0%;\" title=\"Schaltfl\u00e4che ImTranslator anzeigen 3 Sekunden\">&nbsp;<\/div>\n<\/td>\n<td align=\"center\" width=\"70%\"><a class=\"SL_options\" title=\"Optionen anzeigen\" href=\"moz-extension:\/\/c53e8f1e-89f7-415e-bcbc-f17e13aa549b\/content\/html\/options\/options.html?bbl\" target=\"_blank\" rel=\"noopener\">Optionen<\/a> : <a class=\"SL_options\" title=\"\u00dcbersetzungsverlauf\" href=\"moz-extension:\/\/c53e8f1e-89f7-415e-bcbc-f17e13aa549b\/content\/html\/options\/options.html?hist\" target=\"_blank\" rel=\"noopener\">Geschichte<\/a> : <a class=\"SL_options\" title=\"R\u00fcckkoppelung\" href=\"moz-extension:\/\/c53e8f1e-89f7-415e-bcbc-f17e13aa549b\/content\/html\/options\/options.html?feed\" target=\"_blank\" rel=\"noopener\">Feedback<\/a> : <a class=\"SL_options\" title=\"Beitrag leisten\" href=\"https:\/\/www.paypal.com\/cgi-bin\/webscr?cmd=_s-xclick&amp;hosted_button_id=GD9D8CPW8HFA2\" target=\"_blank\" rel=\"noopener\">Donate<\/a><\/td>\n<td align=\"right\" width=\"15%\"><span id=\"SL_Balloon_Close\" title=\"Schlie\u00dfen\">Schlie\u00dfen<\/span><\/td>\n<\/tr>\n<\/tbody>\n<\/table>\n<\/div>\n<\/div>\n<\/div>\n","protected":false},"excerpt":{"rendered":"<p>&nbsp; &nbsp; &nbsp; G M T &nbsp; &nbsp; Sprache erkennenAfrikaansAlbanischArabischArmenischAserbaidschanischBaskischBengalischBosnischBulgarischBurmesischCebuanoChichewaChinesisch (ver)Chinesisch (trad)D\u00e4nischDeutschEnglischEsperantoEstnischFinnischFranz\u00f6sischGalizischGeorgischGriechischGujaratiHaitianischHausaHebr\u00e4ischHindiHmongIgboIndonesischIrischIsl\u00e4ndischItalienischJapanischJavanesischJiddischKannadaKasachischKatalanischKhmerKoreanischKroatischLaoLateinishLettischLitauischMalabarischMalagasyMalaysischMaltesischMaoriMarathischMazedonischMongolischNepalesischNiederl\u00e4ndischNorwegischPersischPolnischPortugiesischPunjabiRum\u00e4nischRussischSchwedischSerbischSesothoSinghalesischSlowakischSlowenischSomaliSpanischSuaheliSundanesischTadschikischTagalogTamilTeluguThail\u00e4ndischTschechischT\u00fcrkischUkrainischUngarischUrduUzbekischVietnamesischWalisischWei\u00dfrussischYorubaZulu &nbsp; AfrikaansAlbanischArabischArmenischAserbaidschanischBaskischBengalischBosnischBulgarischBurmesischCebuanoChichewaChinesisch (ver)Chinesisch (trad)D\u00e4nischDeutschEnglischEsperantoEstnischFinnischFranz\u00f6sischGalizischGeorgischGriechischGujaratiHaitianischHausaHebr\u00e4ischHindiHmongIgboIndonesischIrischIsl\u00e4ndischItalienischJapanischJavanesischJiddischKannadaKasachischKatalanischKhmerKoreanischKroatischLaoLateinishLettischLitauischMalabarischMalagasyMalaysischMaltesischMaoriMarathischMazedonischMongolischNepalesischNiederl\u00e4ndischNorwegischPersischPolnischPortugiesischPunjabiRum\u00e4nischRussischSchwedischSerbischSesothoSinghalesischSlowakischSlowenischSomaliSpanischSuaheliSundanesischTadschikischTagalogTamilTeluguThail\u00e4ndischTschechischT\u00fcrkischUkrainischUngarischUrduUzbekischVietnamesischWalisischWei\u00dfrussischYorubaZulu &nbsp; &nbsp; &nbsp; &nbsp; &nbsp; &nbsp; &nbsp; &nbsp; &nbsp; Die Sound-Funktion ist auf 200 Zeichen begrenzt &nbsp; &nbsp; Optionen : Geschichte : Feedback : &hellip; <a href=\"https:\/\/llzbw.de\/?page_id=4038\">Weiterlesen <span class=\"meta-nav\">&rarr;<\/span><\/a><\/p>\n","protected":false},"author":1,"featured_media":0,"parent":150,"menu_order":31,"comment_status":"closed","ping_status":"closed","template":"","meta":{"ngg_post_thumbnail":0,"footnotes":""},"class_list":["post-4038","page","type-page","status-publish","hentry"],"_links":{"self":[{"href":"https:\/\/llzbw.de\/index.php?rest_route=\/wp\/v2\/pages\/4038","targetHints":{"allow":["GET"]}}],"collection":[{"href":"https:\/\/llzbw.de\/index.php?rest_route=\/wp\/v2\/pages"}],"about":[{"href":"https:\/\/llzbw.de\/index.php?rest_route=\/wp\/v2\/types\/page"}],"author":[{"embeddable":true,"href":"https:\/\/llzbw.de\/index.php?rest_route=\/wp\/v2\/users\/1"}],"replies":[{"embeddable":true,"href":"https:\/\/llzbw.de\/index.php?rest_route=%2Fwp%2Fv2%2Fcomments&post=4038"}],"version-history":[{"count":2,"href":"https:\/\/llzbw.de\/index.php?rest_route=\/wp\/v2\/pages\/4038\/revisions"}],"predecessor-version":[{"id":4346,"href":"https:\/\/llzbw.de\/index.php?rest_route=\/wp\/v2\/pages\/4038\/revisions\/4346"}],"up":[{"embeddable":true,"href":"https:\/\/llzbw.de\/index.php?rest_route=\/wp\/v2\/pages\/150"}],"wp:attachment":[{"href":"https:\/\/llzbw.de\/index.php?rest_route=%2Fwp%2Fv2%2Fmedia&parent=4038"}],"curies":[{"name":"wp","href":"https:\/\/api.w.org\/{rel}","templated":true}]}}