{"id":41,"date":"2011-07-20T15:09:49","date_gmt":"2011-07-20T15:09:49","guid":{"rendered":"http:\/\/llz.schiess-blog.de\/?page_id=41"},"modified":"2024-11-04T14:16:58","modified_gmt":"2024-11-04T12:16:58","slug":"schiesstande","status":"publish","type":"page","link":"https:\/\/llzbw.de\/?page_id=41","title":{"rendered":"Schie\u00dfst\u00e4nde"},"content":{"rendered":"<p>Dem LLZ stehen 12 Luftdruck- und 12 KK-St\u00e4nde zur Verf\u00fcgung. Dazu kommen noch 10 Pistolenst\u00e4nde 25 m (auch nutzbar f\u00fcr die Olympische Schnellfeuerpistole). Diese k\u00f6nnen permanent genutzt werden; bei Wettk\u00e4mpfen wird die notwendige Standkapazit\u00e4t entsprechend den Erfordernissen erh\u00f6ht. Im Mai 2003 installierte die Firma Meyton im Auftrag der SG Pforzheim elektronische Anlagen, Meyton-Mitarbeiter stehen bei technischen Problemen \u201csofort auf der Matte\u201d, damit Training und Wettkampf ungehindert fortgef\u00fchrt werden k\u00f6nnen.<\/p>\n<p>Ende 2011 bis Anfang 2012 wurde die Winterpause genutzt, um den KK-Stand zu modernisieren. Ein neues Dach, \u00fcber den Zielen, sorgt f\u00fcr eine gleichm\u00e4\u00dfige Beschattung auf allen St\u00e4nden. Die festen Pritschen und die Br\u00fcstung wurden abgerissen. Der Boden wurde leicht abgetragen und ein neuer Sportboden im Sch\u00fctzenbereich verlegt. Jetzt wird wie auf vielen internationalen St\u00e4nden, in allen Disziplinen, vom Boden geschossen. Die Software wurde aktualisiert, und an allen St\u00e4nden sind bewegliche kompakte Steuer-PC&#8217;s mit integrierten Bildschirmen, der Firma Meyton, installiert.<br \/>\nDie neuen Rolltore, alle vier St\u00e4nde eins, erm\u00f6glichen auch ein schie\u00dfen bei niedrigeren Temperaturen. Zus\u00e4tzlich wurden neuen Infrarot-Heizstrahler und Heizmatten angeschafft. An acht st\u00e4nden wurde noch eine Dicke transparente Folie mit Schie\u00dfscharten angebracht, die gegen die K\u00e4lte und den Wind sch\u00fctzt. Mit dieser Ausstattung ist jetzt schon ein Training ab 8 \u00b0C im Freien m\u00f6glich.<\/p>\n<p>Das LLZ verf\u00fcgt \u00fcber ein Internat mit 24 Betten f\u00fcr Trainer und Sportler \u2013 geringe Zeitverluste bei Ma\u00dfnahmen durch kurze Wege zum Schie\u00dfstand. Es sind Gymnastikraum, Lehrsaal, Aufenthalts- und Fr\u00fchst\u00fccksraum integriert.<\/p>\n<p>Die 10 Meter Luftdruckst\u00e4nde<br \/>\n<a href=\"http:\/\/www.llzbw.de\/?attachment_id=143\" rel=\"attachment wp-att-143\"><img loading=\"lazy\" decoding=\"async\" class=\"aligncenter size-full wp-image-143\" title=\"10mStand\" src=\"https:\/\/llzbw.de\/wp-content\/uploads\/2011\/07\/10mStand.jpg\" alt=\"\" width=\"800\" height=\"72\" srcset=\"https:\/\/llzbw.de\/wp-content\/uploads\/2011\/07\/10mStand.jpg 800w, https:\/\/llzbw.de\/wp-content\/uploads\/2011\/07\/10mStand-300x27.jpg 300w, https:\/\/llzbw.de\/wp-content\/uploads\/2011\/07\/10mStand-500x45.jpg 500w\" sizes=\"auto, (max-width: 800px) 100vw, 800px\" \/><\/a><\/p>\n<p>Die 50 Meter St\u00e4nde<br \/>\nngg_shortcode_0_placeholder<\/p>\n<p>Die 25 Meter Pistolenst\u00e4nde<br \/>\n<a href=\"http:\/\/www.llzbw.de\/?attachment_id=145\" rel=\"attachment wp-att-145\"><img loading=\"lazy\" decoding=\"async\" class=\"aligncenter size-full wp-image-145\" title=\"SpopiStand\" src=\"https:\/\/llzbw.de\/wp-content\/uploads\/2011\/07\/SpopiStand.jpg\" alt=\"\" width=\"800\" height=\"268\" srcset=\"https:\/\/llzbw.de\/wp-content\/uploads\/2011\/07\/SpopiStand.jpg 800w, https:\/\/llzbw.de\/wp-content\/uploads\/2011\/07\/SpopiStand-300x100.jpg 300w, https:\/\/llzbw.de\/wp-content\/uploads\/2011\/07\/SpopiStand-500x167.jpg 500w\" sizes=\"auto, (max-width: 800px) 100vw, 800px\" \/><\/a><\/p>\n","protected":false},"excerpt":{"rendered":"<p>Dem LLZ stehen 12 Luftdruck- und 12 KK-St\u00e4nde zur Verf\u00fcgung. Dazu kommen noch 10 Pistolenst\u00e4nde 25 m (auch nutzbar f\u00fcr die Olympische Schnellfeuerpistole). Diese k\u00f6nnen permanent genutzt werden; bei Wettk\u00e4mpfen wird die notwendige Standkapazit\u00e4t entsprechend den Erfordernissen erh\u00f6ht. Im Mai &hellip; <a href=\"https:\/\/llzbw.de\/?page_id=41\">Weiterlesen <span class=\"meta-nav\">&rarr;<\/span><\/a><\/p>\n","protected":false},"author":1,"featured_media":0,"parent":33,"menu_order":3,"comment_status":"closed","ping_status":"open","template":"","meta":{"ngg_post_thumbnail":0,"footnotes":""},"class_list":["post-41","page","type-page","status-publish","hentry"],"_links":{"self":[{"href":"https:\/\/llzbw.de\/index.php?rest_route=\/wp\/v2\/pages\/41","targetHints":{"allow":["GET"]}}],"collection":[{"href":"https:\/\/llzbw.de\/index.php?rest_route=\/wp\/v2\/pages"}],"about":[{"href":"https:\/\/llzbw.de\/index.php?rest_route=\/wp\/v2\/types\/page"}],"author":[{"embeddable":true,"href":"https:\/\/llzbw.de\/index.php?rest_route=\/wp\/v2\/users\/1"}],"replies":[{"embeddable":true,"href":"https:\/\/llzbw.de\/index.php?rest_route=%2Fwp%2Fv2%2Fcomments&post=41"}],"version-history":[{"count":13,"href":"https:\/\/llzbw.de\/index.php?rest_route=\/wp\/v2\/pages\/41\/revisions"}],"predecessor-version":[{"id":6202,"href":"https:\/\/llzbw.de\/index.php?rest_route=\/wp\/v2\/pages\/41\/revisions\/6202"}],"up":[{"embeddable":true,"href":"https:\/\/llzbw.de\/index.php?rest_route=\/wp\/v2\/pages\/33"}],"wp:attachment":[{"href":"https:\/\/llzbw.de\/index.php?rest_route=%2Fwp%2Fv2%2Fmedia&parent=41"}],"curies":[{"name":"wp","href":"https:\/\/api.w.org\/{rel}","templated":true}]}}