{"id":6540,"date":"2025-11-16T16:02:14","date_gmt":"2025-11-16T14:02:14","guid":{"rendered":"https:\/\/llzbw.de\/?page_id=6540"},"modified":"2026-03-28T16:27:48","modified_gmt":"2026-03-28T14:27:48","slug":"lk-bogen-compound","status":"publish","type":"page","link":"https:\/\/llzbw.de\/?page_id=6540","title":{"rendered":"LK Bogen Compound"},"content":{"rendered":"<table border=\"1\" width=\"584\" cellspacing=\"1\" cellpadding=\"1\">\n<tbody>\n<tr>\n<td><strong>Nachname<\/strong><\/td>\n<td><strong>Vorname<\/strong><\/td>\n<td><strong>DSB Kader<\/strong><\/td>\n<\/tr>\n<tr>\n<td>Kunsch<\/td>\n<td>Paolo<\/td>\n<td>Perspektivkader<\/td>\n<\/tr>\n<tr>\n<td>Nuber<\/td>\n<td>Noah<\/td>\n<td>Nachwuchskader 1<\/td>\n<\/tr>\n<tr>\n<td>B\u00f6hnke<\/td>\n<td>Julia<\/td>\n<td>DSB<\/td>\n<\/tr>\n<tr>\n<td>L\u00fcppkemann<\/td>\n<td>Henning<\/td>\n<td>DSB<\/td>\n<\/tr>\n<tr>\n<td>Walter<\/td>\n<td>Jennifer<\/td>\n<td>DSB<\/td>\n<\/tr>\n<tr>\n<td>Debatin<\/td>\n<td>Hagen<\/td>\n<td><\/td>\n<\/tr>\n<tr>\n<td>Schuster<\/td>\n<td>Ben<\/td>\n<td><\/td>\n<\/tr>\n<tr>\n<td><strong><span style=\"text-decoration: underline;\"><span style=\"font-family: Arial;\">Trainer<\/span><\/span><\/strong><\/td>\n<td>&nbsp;<\/td>\n<td>&nbsp;<\/td>\n<\/tr>\n<tr>\n<td>Sachse<\/td>\n<td>Sandra<\/td>\n<td>&nbsp;<\/td>\n<\/tr>\n<tr>\n<td>Gr\u00f6tzinger<\/td>\n<td>J\u00fcrgen<\/td>\n<td>&nbsp;<\/td>\n<\/tr>\n<\/tbody>\n<\/table>\n","protected":false},"excerpt":{"rendered":"<p>Nachname Vorname DSB Kader Kunsch Paolo Perspektivkader Nuber Noah Nachwuchskader 1 B\u00f6hnke Julia DSB L\u00fcppkemann Henning DSB Walter Jennifer DSB Debatin Hagen Schuster Ben Trainer &nbsp; &nbsp; Sachse Sandra &nbsp; Gr\u00f6tzinger J\u00fcrgen &nbsp;<\/p>\n","protected":false},"author":1,"featured_media":0,"parent":6,"menu_order":7,"comment_status":"closed","ping_status":"closed","template":"","meta":{"ngg_post_thumbnail":0,"footnotes":""},"class_list":["post-6540","page","type-page","status-publish","hentry"],"_links":{"self":[{"href":"https:\/\/llzbw.de\/index.php?rest_route=\/wp\/v2\/pages\/6540","targetHints":{"allow":["GET"]}}],"collection":[{"href":"https:\/\/llzbw.de\/index.php?rest_route=\/wp\/v2\/pages"}],"about":[{"href":"https:\/\/llzbw.de\/index.php?rest_route=\/wp\/v2\/types\/page"}],"author":[{"embeddable":true,"href":"https:\/\/llzbw.de\/index.php?rest_route=\/wp\/v2\/users\/1"}],"replies":[{"embeddable":true,"href":"https:\/\/llzbw.de\/index.php?rest_route=%2Fwp%2Fv2%2Fcomments&post=6540"}],"version-history":[{"count":2,"href":"https:\/\/llzbw.de\/index.php?rest_route=\/wp\/v2\/pages\/6540\/revisions"}],"predecessor-version":[{"id":6623,"href":"https:\/\/llzbw.de\/index.php?rest_route=\/wp\/v2\/pages\/6540\/revisions\/6623"}],"up":[{"embeddable":true,"href":"https:\/\/llzbw.de\/index.php?rest_route=\/wp\/v2\/pages\/6"}],"wp:attachment":[{"href":"https:\/\/llzbw.de\/index.php?rest_route=%2Fwp%2Fv2%2Fmedia&parent=6540"}],"curies":[{"name":"wp","href":"https:\/\/api.w.org\/{rel}","templated":true}]}}