{"id":97,"date":"2011-07-20T22:49:29","date_gmt":"2011-07-20T20:49:29","guid":{"rendered":"http:\/\/llz.schiess-blog.de\/?page_id=97"},"modified":"2025-11-24T13:59:23","modified_gmt":"2025-11-24T11:59:23","slug":"termine","status":"publish","type":"page","link":"https:\/\/llzbw.de\/?page_id=97","title":{"rendered":"Termine"},"content":{"rendered":"<p><strong><span style=\"text-decoration: underline;\">Terminpl\u00e4ne:<\/span><\/strong><\/p>\n<p><strong><span style=\"text-decoration: underline;\">2026<br \/>\n<a href=\"https:\/\/llzbw.de\/wp-content\/uploads\/2025\/11\/Terminplaene_LLZBW_2026.pdf\" target=\"_blank\" rel=\"noopener\">Lehrgangspl\u00e4ne Gewehr, Pistole und Bogen sowie die optimierte Leistungsf\u00f6rderung 2026<\/a><\/span><\/strong><\/p>\n<p><strong><span style=\"text-decoration: underline;\">2025<br \/>\n<a href=\"https:\/\/llzbw.de\/wp-content\/uploads\/2024\/11\/Terminuebersichten_2025_HP.pdf\" rel=\"\">Lehrgangspl\u00e4ne Gewehr, Pistole und Bogen sowie die optimierte Leistungsf\u00f6rderung 2025<\/a><\/span><\/strong><\/p>\n","protected":false},"excerpt":{"rendered":"<p>Terminpl\u00e4ne: 2026 Lehrgangspl\u00e4ne Gewehr, Pistole und Bogen sowie die optimierte Leistungsf\u00f6rderung 2026 2025 Lehrgangspl\u00e4ne Gewehr, Pistole und Bogen sowie die optimierte Leistungsf\u00f6rderung 2025<\/p>\n","protected":false},"author":1,"featured_media":0,"parent":0,"menu_order":6,"comment_status":"closed","ping_status":"open","template":"","meta":{"ngg_post_thumbnail":0,"footnotes":""},"class_list":["post-97","page","type-page","status-publish","hentry"],"_links":{"self":[{"href":"https:\/\/llzbw.de\/index.php?rest_route=\/wp\/v2\/pages\/97","targetHints":{"allow":["GET"]}}],"collection":[{"href":"https:\/\/llzbw.de\/index.php?rest_route=\/wp\/v2\/pages"}],"about":[{"href":"https:\/\/llzbw.de\/index.php?rest_route=\/wp\/v2\/types\/page"}],"author":[{"embeddable":true,"href":"https:\/\/llzbw.de\/index.php?rest_route=\/wp\/v2\/users\/1"}],"replies":[{"embeddable":true,"href":"https:\/\/llzbw.de\/index.php?rest_route=%2Fwp%2Fv2%2Fcomments&post=97"}],"version-history":[{"count":48,"href":"https:\/\/llzbw.de\/index.php?rest_route=\/wp\/v2\/pages\/97\/revisions"}],"predecessor-version":[{"id":6550,"href":"https:\/\/llzbw.de\/index.php?rest_route=\/wp\/v2\/pages\/97\/revisions\/6550"}],"wp:attachment":[{"href":"https:\/\/llzbw.de\/index.php?rest_route=%2Fwp%2Fv2%2Fmedia&parent=97"}],"curies":[{"name":"wp","href":"https:\/\/api.w.org\/{rel}","templated":true}]}}